{"id":7106,"date":"2026-03-26T14:06:59","date_gmt":"2026-03-26T12:06:59","guid":{"rendered":"https:\/\/epayment.helsinki.fi\/luomus\/tuote\/kasvitieteen-kuninkaalliset-puitteet-opastettu-kierros-kasvimuseossa-2\/"},"modified":"2026-03-26T14:40:11","modified_gmt":"2026-03-26T12:40:11","slug":"kasvitieteen-kuninkaalliset-puitteet-opastettu-kierros-kasvimuseossa-2","status":"publish","type":"product","link":"https:\/\/epayment.helsinki.fi\/luomus\/tuote\/kasvitieteen-kuninkaalliset-puitteet-opastettu-kierros-kasvimuseossa-2\/","title":{"rendered":"Kasvitieteen kuninkaalliset puitteet- opastettu kierros kasvimuseossa"},"content":{"rendered":"<p>Kasvimuseon kokoelmissa eli herbaariossa on l\u00e4hemm\u00e4s 4 miljoonaa Suomesta ja muualta maailmasta ker\u00e4tty\u00e4 n\u00e4ytett\u00e4. Ne ovat per\u00e4isin putkilokasveista, sienist\u00e4, sammalista, j\u00e4k\u00e4list\u00e4 ja levist\u00e4. Herbaarioon kurkistamisen lis\u00e4ksi opastuksella ihastellaan talon arkkitehtuuria ja sukelletaan kasvitieteen historiaan. \u00a0<\/p>\n<p>Aikuisille suunnatut opastukset l\u00e4htev\u00e4t kasvihuoneiden p\u00e4\u00e4sis\u00e4\u00e4nk\u00e4ynnin edest\u00e4 ja kest\u00e4v\u00e4t noin tunnin.<\/p>\n<p>Opastusta ei suositella alle 13 -vuotiaille.<\/p>\n<p>Kierroksia j\u00e4rjestet\u00e4\u00e4n <strong>lauantaisin<\/strong> <strong>9.5.-13.6.2026<\/strong> klo:<\/p>\n<ul>\n<li>11:30<\/li>\n<li>13:30\u00a0<\/li>\n<li>15:30<\/li>\n<\/ul>\n<p>Huomaathan, ettei kasvimuseo ole esteet\u00f6n. Vanhassa rakennuksessa on kapeita k\u00e4yt\u00e4vi\u00e4 ja jyrkki\u00e4 portaita, joissa kulku voi olla vaivalloista.\u00a0<\/p>\n<p>Kierrokselle mahtuu 15 henkil\u00f6\u00e4.<\/p>\n<p>Lippu ei sis\u00e4ll\u00e4 sis\u00e4\u00e4np\u00e4\u00e4sy\u00e4 kasvihuoneille.\u00a0<\/p>\n<p>\u00a0<\/p>\n","protected":false},"excerpt":{"rendered":"<p>Kasvimuseon kokoelmissa eli herbaariossa on l\u00e4hemm\u00e4s 4 miljoonaa Suomesta ja muualta maailmasta ker\u00e4tty\u00e4 n\u00e4ytett\u00e4. Ne ovat per\u00e4isin putkilokasveista, sienist\u00e4, sammalista, j\u00e4k\u00e4list\u00e4 ja levist\u00e4. Herbaarioon kurkistamisen lis\u00e4ksi opastuksella ihastellaan talon arkkitehtuuria ja sukelletaan kasvitieteen historiaan. \u00a0 Aikuisille suunnatut opastukset l\u00e4htev\u00e4t kasvihuoneiden p\u00e4\u00e4sis\u00e4\u00e4nk\u00e4ynnin edest\u00e4 ja kest\u00e4v\u00e4t noin tunnin. Opastusta ei suositella alle 13 -vuotiaille. Kierroksia j\u00e4rjestet\u00e4\u00e4n lauantaisin [&hellip;]<\/p>\n","protected":false},"featured_media":7017,"template":"","meta":[],"product_brand":[],"product_cat":[84],"product_tag":[],"class_list":{"0":"post-7106","1":"product","2":"type-product","3":"status-publish","4":"has-post-thumbnail","6":"product_cat-kaisaniemen-kasvitieteellinen-puutarha","8":"first","9":"instock","10":"featured","11":"virtual","12":"taxable","13":"purchasable","14":"product-type-phive_booking"},"_links":{"self":[{"href":"https:\/\/epayment.helsinki.fi\/luomus\/wp-json\/wp\/v2\/product\/7106","targetHints":{"allow":["GET"]}}],"collection":[{"href":"https:\/\/epayment.helsinki.fi\/luomus\/wp-json\/wp\/v2\/product"}],"about":[{"href":"https:\/\/epayment.helsinki.fi\/luomus\/wp-json\/wp\/v2\/types\/product"}],"wp:featuredmedia":[{"embeddable":true,"href":"https:\/\/epayment.helsinki.fi\/luomus\/wp-json\/wp\/v2\/media\/7017"}],"wp:attachment":[{"href":"https:\/\/epayment.helsinki.fi\/luomus\/wp-json\/wp\/v2\/media?parent=7106"}],"wp:term":[{"taxonomy":"product_brand","embeddable":true,"href":"https:\/\/epayment.helsinki.fi\/luomus\/wp-json\/wp\/v2\/product_brand?post=7106"},{"taxonomy":"product_cat","embeddable":true,"href":"https:\/\/epayment.helsinki.fi\/luomus\/wp-json\/wp\/v2\/product_cat?post=7106"},{"taxonomy":"product_tag","embeddable":true,"href":"https:\/\/epayment.helsinki.fi\/luomus\/wp-json\/wp\/v2\/product_tag?post=7106"}],"curies":[{"name":"wp","href":"https:\/\/api.w.org\/{rel}","templated":true}]}}