{"id":6428,"date":"2026-03-12T13:35:05","date_gmt":"2026-03-12T11:35:05","guid":{"rendered":"https:\/\/epayment.helsinki.fi\/luomus\/tuote\/tutkimusmatkojen-aarteet\/"},"modified":"2026-04-29T11:55:09","modified_gmt":"2026-04-29T08:55:09","slug":"tutkimusmatkojen-aarteet","status":"publish","type":"product","link":"https:\/\/epayment.helsinki.fi\/luomus\/tuote\/tutkimusmatkojen-aarteet\/","title":{"rendered":"Tutkimusmatkojen aarteet"},"content":{"rendered":"<p>Tiesitk\u00f6 taiteilija Akseli Gallen-Kallelan tehneen tutkimusretki\u00e4 It\u00e4-Afrikkaan 1900-luvun alussa? Tutkimusmatkojen aarteet -opastus vie sinut luonnontieteellisten tutkimusmatkojen j\u00e4ljille.\u00a0<\/p>\n<p>Luonnontieteellisten kokoelmien historia ei ole yksiselitteinen: n\u00e4ytteit\u00e4 on ker\u00e4tty eri aikoina eri perustein. Tutkimusmatkojen aarteet -opastuksella avataan kokoelmien v\u00e4rik\u00e4st\u00e4 historiaa sek\u00e4 ristiriitaisuuksia. Tutkimuksen lis\u00e4ksi avautuvat matkojen kulttuurihistorialliset ulottuvuudet.\u00a0<\/p>\n<p>Kierros esittelee kolme erilaista retke\u00e4 1800- ja 1900-luvuilta: matkat Krimille, Kuolan niemimaalle ja It\u00e4-Afrikkaan. Miten ja miksi luonnontieteellisi\u00e4 kokoelmia on aikoinaan kartutettu? Mit\u00e4 ker\u00e4tyt n\u00e4ytteet kertovat aikansa maailmankuvasta? Ent\u00e4 mit\u00e4 hy\u00f6ty\u00e4 kokoelmista on nykyp\u00e4iv\u00e4n\u00e4?\u00a0<\/p>\n<p>Opastuksella vieraillaan museon suljetuissa kokoelmatiloissa, n\u00e4hd\u00e4\u00e4n retkilt\u00e4 ker\u00e4ttyj\u00e4 aineistoja sek\u00e4 tutustutaan Hilda Olsonin ainutlaatuisiin h\u00e4m\u00e4h\u00e4kkiakvarelleihin.\u00a0<\/p>\n<p>Opastukset lauantaisin 27.6.-15.8. klo 10, 13 ja 15.<\/p>\n<p>Liput 15 \u20ac (Museokortilla 12 \u20ac). Paikkoja on rajoitettu m\u00e4\u00e4r\u00e4. Opastuksen ik\u00e4raja on 13+.\u00a0<\/p>\n<p>Lippuja on myynniss\u00e4 tapahtuman alkuun asti tai niin kauan kuin paikkoja riitt\u00e4\u00e4. Lippu ei sis\u00e4ll\u00e4 p\u00e4\u00e4sy\u00e4 museon n\u00e4yttelyihin.\u00a0<\/p>\n<p>Kollaasin kuvat: Gallen-Kallelan museo ja Tiedemuseo Liekki\u00a0<\/p>\n","protected":false},"excerpt":{"rendered":"<p>Tiesitk\u00f6 taiteilija Akseli Gallen-Kallelan tehneen tutkimusretki\u00e4 It\u00e4-Afrikkaan 1900-luvun alussa? Tutkimusmatkojen aarteet -opastus vie sinut luonnontieteellisten tutkimusmatkojen j\u00e4ljille.\u00a0 Luonnontieteellisten kokoelmien historia ei ole yksiselitteinen: n\u00e4ytteit\u00e4 on ker\u00e4tty eri aikoina eri perustein. Tutkimusmatkojen aarteet -opastuksella avataan kokoelmien v\u00e4rik\u00e4st\u00e4 historiaa sek\u00e4 ristiriitaisuuksia. Tutkimuksen lis\u00e4ksi avautuvat matkojen kulttuurihistorialliset ulottuvuudet.\u00a0 Kierros esittelee kolme erilaista retke\u00e4 1800- ja 1900-luvuilta: matkat Krimille, [&hellip;]<\/p>\n","protected":false},"featured_media":9226,"template":"","meta":[],"product_brand":[],"product_cat":[78],"product_tag":[],"class_list":{"0":"post-6428","1":"product","2":"type-product","3":"status-publish","4":"has-post-thumbnail","6":"product_cat-luonnontieteellinen-museo","8":"first","9":"instock","10":"featured","11":"virtual","12":"taxable","13":"purchasable","14":"product-type-phive_booking"},"_links":{"self":[{"href":"https:\/\/epayment.helsinki.fi\/luomus\/wp-json\/wp\/v2\/product\/6428","targetHints":{"allow":["GET"]}}],"collection":[{"href":"https:\/\/epayment.helsinki.fi\/luomus\/wp-json\/wp\/v2\/product"}],"about":[{"href":"https:\/\/epayment.helsinki.fi\/luomus\/wp-json\/wp\/v2\/types\/product"}],"wp:featuredmedia":[{"embeddable":true,"href":"https:\/\/epayment.helsinki.fi\/luomus\/wp-json\/wp\/v2\/media\/9226"}],"wp:attachment":[{"href":"https:\/\/epayment.helsinki.fi\/luomus\/wp-json\/wp\/v2\/media?parent=6428"}],"wp:term":[{"taxonomy":"product_brand","embeddable":true,"href":"https:\/\/epayment.helsinki.fi\/luomus\/wp-json\/wp\/v2\/product_brand?post=6428"},{"taxonomy":"product_cat","embeddable":true,"href":"https:\/\/epayment.helsinki.fi\/luomus\/wp-json\/wp\/v2\/product_cat?post=6428"},{"taxonomy":"product_tag","embeddable":true,"href":"https:\/\/epayment.helsinki.fi\/luomus\/wp-json\/wp\/v2\/product_tag?post=6428"}],"curies":[{"name":"wp","href":"https:\/\/api.w.org\/{rel}","templated":true}]}}