{"id":6328,"date":"2026-03-10T14:42:08","date_gmt":"2026-03-10T12:42:08","guid":{"rendered":"https:\/\/epayment.helsinki.fi\/luomus\/tuote\/muuttolintujen-matkassa-2\/"},"modified":"2026-03-24T11:25:41","modified_gmt":"2026-03-24T09:25:41","slug":"muuttolintujen-matkassa-2","status":"publish","type":"product","link":"https:\/\/epayment.helsinki.fi\/luomus\/tuote\/muuttolintujen-matkassa-2\/?lang=sv","title":{"rendered":"Muuttolintujen matkassa"},"content":{"rendered":"<p>Tiesitk\u00f6, ett\u00e4 Kaisaniemen kasvitieteellinen puutarha on erinomainen lintukohde? Opastuksella havainnoidaan puutarhan alueella yleisesti tavattavia lintuja sek\u00e4 kev\u00e4tmuuttajia. Puutarhassa on hyv\u00e4n\u00e4 p\u00e4iv\u00e4n\u00e4 mahdollisuus n\u00e4hd\u00e4 kymmeni\u00e4 lintulajeja. Opastus on suunniteltu kaikenik\u00e4isille linnuista kiinnostuneille.\u00a0<\/p>\n<p>K\u00e4velykierros alkaa puutarhan kasvihuoneiden edest\u00e4 ja kest\u00e4\u00e4 noin tunnin. Suosittelemme ottamaan omat kiikarit mukaan.\u00a0<\/p>\n","protected":false},"excerpt":{"rendered":"<p>Tiesitk\u00f6, ett\u00e4 Kaisaniemen kasvitieteellinen puutarha on erinomainen lintukohde? Opastuksella havainnoidaan puutarhan alueella yleisesti tavattavia lintuja sek\u00e4 kev\u00e4tmuuttajia. Puutarhassa on hyv\u00e4n\u00e4 p\u00e4iv\u00e4n\u00e4 mahdollisuus n\u00e4hd\u00e4 kymmeni\u00e4 lintulajeja. Opastus on suunniteltu kaikenik\u00e4isille linnuista kiinnostuneille.\u00a0 K\u00e4velykierros alkaa puutarhan kasvihuoneiden edest\u00e4 ja kest\u00e4\u00e4 noin tunnin. Suosittelemme ottamaan omat kiikarit mukaan.\u00a0<\/p>\n","protected":false},"featured_media":6369,"template":"","meta":[],"product_brand":[],"product_cat":[86],"product_tag":[],"class_list":{"0":"post-6328","1":"product","2":"type-product","3":"status-publish","4":"has-post-thumbnail","6":"product_cat-kajsaniemi-botaniska-tradgard","8":"first","9":"instock","10":"featured","11":"virtual","12":"taxable","13":"purchasable","14":"product-type-phive_booking"},"_links":{"self":[{"href":"https:\/\/epayment.helsinki.fi\/luomus\/wp-json\/wp\/v2\/product\/6328","targetHints":{"allow":["GET"]}}],"collection":[{"href":"https:\/\/epayment.helsinki.fi\/luomus\/wp-json\/wp\/v2\/product"}],"about":[{"href":"https:\/\/epayment.helsinki.fi\/luomus\/wp-json\/wp\/v2\/types\/product"}],"wp:featuredmedia":[{"embeddable":true,"href":"https:\/\/epayment.helsinki.fi\/luomus\/wp-json\/wp\/v2\/media\/6369"}],"wp:attachment":[{"href":"https:\/\/epayment.helsinki.fi\/luomus\/wp-json\/wp\/v2\/media?parent=6328"}],"wp:term":[{"taxonomy":"product_brand","embeddable":true,"href":"https:\/\/epayment.helsinki.fi\/luomus\/wp-json\/wp\/v2\/product_brand?post=6328"},{"taxonomy":"product_cat","embeddable":true,"href":"https:\/\/epayment.helsinki.fi\/luomus\/wp-json\/wp\/v2\/product_cat?post=6328"},{"taxonomy":"product_tag","embeddable":true,"href":"https:\/\/epayment.helsinki.fi\/luomus\/wp-json\/wp\/v2\/product_tag?post=6328"}],"curies":[{"name":"wp","href":"https:\/\/api.w.org\/{rel}","templated":true}]}}