{"id":6327,"date":"2026-03-10T14:42:08","date_gmt":"2026-03-10T12:42:08","guid":{"rendered":"https:\/\/epayment.helsinki.fi\/luomus\/tuote\/muuttolintujen-matkassa\/"},"modified":"2026-03-24T11:40:08","modified_gmt":"2026-03-24T09:40:08","slug":"muuttolintujen-matkassa","status":"publish","type":"product","link":"https:\/\/epayment.helsinki.fi\/luomus\/tuote\/muuttolintujen-matkassa\/","title":{"rendered":"Muuttolintujen matkassa"},"content":{"rendered":"<p>Tiesitk\u00f6, ett\u00e4 Kaisaniemen kasvitieteellinen puutarha on erinomainen lintukohde? Opastuksella havainnoidaan puutarhan alueella yleisesti tavattavia lintuja sek\u00e4 kev\u00e4tmuuttajia. Puutarhassa on hyv\u00e4n\u00e4 p\u00e4iv\u00e4n\u00e4 mahdollisuus n\u00e4hd\u00e4 kymmeni\u00e4 lintulajeja. Opastus on suunniteltu kaikenik\u00e4isille linnuista kiinnostuneille.\u00a0<\/p>\n<p>Kierroksia j\u00e4rjestet\u00e4\u00e4n:<\/p>\n<ul>\n<li>Keskiviikkona 22.4. klo 10 ja klo 14<\/li>\n<li>Lauantaina 25.4. klo 10 ja klo 14<\/li>\n<\/ul>\n<p>K\u00e4velykierros alkaa kasvihuoneiden sis\u00e4\u00e4nk\u00e4ynnin edest\u00e4 ja kest\u00e4\u00e4 noin tunnin. Suosittelemme ottamaan omat kiikarit mukaan. Varauduthan s\u00e4\u00e4h\u00e4n sopivalla vaatetuksella.<\/p>\n<p>Kierrokselle mahtuu 25 henkil\u00f6\u00e4.<\/p>\n<p>Alle 5-vuotiaat lapset maksutta.<\/p>\n<p>Lippu ei sis\u00e4ll\u00e4 sis\u00e4\u00e4np\u00e4\u00e4sy\u00e4 kasvihuoneille.<\/p>\n","protected":false},"excerpt":{"rendered":"<p>Tiesitk\u00f6, ett\u00e4 Kaisaniemen kasvitieteellinen puutarha on erinomainen lintukohde? Opastuksella havainnoidaan puutarhan alueella yleisesti tavattavia lintuja sek\u00e4 kev\u00e4tmuuttajia. Puutarhassa on hyv\u00e4n\u00e4 p\u00e4iv\u00e4n\u00e4 mahdollisuus n\u00e4hd\u00e4 kymmeni\u00e4 lintulajeja. Opastus on suunniteltu kaikenik\u00e4isille linnuista kiinnostuneille.\u00a0 Kierroksia j\u00e4rjestet\u00e4\u00e4n: Keskiviikkona 22.4. klo 10 ja klo 14 Lauantaina 25.4. klo 10 ja klo 14 K\u00e4velykierros alkaa kasvihuoneiden sis\u00e4\u00e4nk\u00e4ynnin edest\u00e4 ja kest\u00e4\u00e4 noin [&hellip;]<\/p>\n","protected":false},"featured_media":6367,"template":"","meta":[],"product_brand":[],"product_cat":[84],"product_tag":[],"class_list":{"0":"post-6327","1":"product","2":"type-product","3":"status-publish","4":"has-post-thumbnail","6":"product_cat-kaisaniemen-kasvitieteellinen-puutarha","8":"first","9":"instock","10":"featured","11":"virtual","12":"taxable","13":"purchasable","14":"product-type-phive_booking"},"_links":{"self":[{"href":"https:\/\/epayment.helsinki.fi\/luomus\/wp-json\/wp\/v2\/product\/6327","targetHints":{"allow":["GET"]}}],"collection":[{"href":"https:\/\/epayment.helsinki.fi\/luomus\/wp-json\/wp\/v2\/product"}],"about":[{"href":"https:\/\/epayment.helsinki.fi\/luomus\/wp-json\/wp\/v2\/types\/product"}],"wp:featuredmedia":[{"embeddable":true,"href":"https:\/\/epayment.helsinki.fi\/luomus\/wp-json\/wp\/v2\/media\/6367"}],"wp:attachment":[{"href":"https:\/\/epayment.helsinki.fi\/luomus\/wp-json\/wp\/v2\/media?parent=6327"}],"wp:term":[{"taxonomy":"product_brand","embeddable":true,"href":"https:\/\/epayment.helsinki.fi\/luomus\/wp-json\/wp\/v2\/product_brand?post=6327"},{"taxonomy":"product_cat","embeddable":true,"href":"https:\/\/epayment.helsinki.fi\/luomus\/wp-json\/wp\/v2\/product_cat?post=6327"},{"taxonomy":"product_tag","embeddable":true,"href":"https:\/\/epayment.helsinki.fi\/luomus\/wp-json\/wp\/v2\/product_tag?post=6327"}],"curies":[{"name":"wp","href":"https:\/\/api.w.org\/{rel}","templated":true}]}}