{"id":531,"date":"2025-06-10T08:58:48","date_gmt":"2025-06-10T05:58:48","guid":{"rendered":"https:\/\/epayment.helsinki.fi\/luomus\/tuote\/biljett-for-laroanstaltsgrupp-till-naturhistoriska-museet\/"},"modified":"2026-03-11T14:51:28","modified_gmt":"2026-03-11T12:51:28","slug":"biljett-for-laroanstaltsgrupp-till-naturhistoriska-museet-2","status":"publish","type":"product","link":"https:\/\/epayment.helsinki.fi\/luomus\/tuote\/biljett-for-laroanstaltsgrupp-till-naturhistoriska-museet-2\/?lang=sv","title":{"rendered":"Biljett | L\u00e4roanstalts- och barngrupp | Naturhistoriska museet | 2026"},"content":{"rendered":"<p>Biljetten g\u00e4ller under museets \u00f6ppettider den dag den har k\u00f6pts f\u00f6r. \u00d6ppettiderna finns p\u00e5 <a href=\"https:\/\/www.helsinki.fi\/sv\/luomus\/besok-oss\/naturhistoriska-museet\" target=\"_blank\" rel=\"noopener\">Luomus webbplats<\/a>.<\/p>\n<p>L\u00e4roanstalts- och barngrupper:\u00a0<\/p>\n<p>\u2022 Sm\u00e5barnspedagogik (daghem, f\u00f6rskola, familjedagv\u00e5rd, lekpark)\u00a0<br \/>\u2022 Grundskola (\u00e5rskurs 1\u201310)\u00a0<br \/>\u2022 Andra stadiet (gymnasium, yrkesskola)\u00a0<br \/>\u2022 Andra barngrupper 3\u201318 \u00e5r (klubbar, hobby- och l\u00e4gergrupper samt barnkalas grupper)<\/p>\n<p>Barn 0\u20132 \u00e5r, l\u00e4rare, andra vuxna som \u00f6vervakar gruppen (max. 1 vuxen \/ 5 barn) samt personliga assistenter har gratis intr\u00e4de tillsammans med gruppen. Boka g\u00e4rna en separat gratisbiljett f\u00f6r de vuxna som bes\u00f6ker gratis.<\/p>\n<p>Alla biljetter som k\u00f6ps f\u00f6r gruppen bildar en enda biljettprodukt, som kontrolleras i museets kassa.<\/p>\n<p>L\u00e4s g\u00e4rna \u00e4ven de fullst\u00e4ndiga <a href=\"https:\/\/epayment.helsinki.fi\/luomus\/leveransvillkor\/?lang=sv\" target=\"_blank\" rel=\"noopener\">biljettvillkoren<\/a>.<\/p>\n","protected":false},"excerpt":{"rendered":"<p>Biljetten g\u00e4ller under museets \u00f6ppettider den dag den har k\u00f6pts f\u00f6r. \u00d6ppettiderna finns p\u00e5 Luomus webbplats. L\u00e4roanstalts- och barngrupper:\u00a0 \u2022 Sm\u00e5barnspedagogik (daghem, f\u00f6rskola, familjedagv\u00e5rd, lekpark)\u00a0\u2022 Grundskola (\u00e5rskurs 1\u201310)\u00a0\u2022 Andra stadiet (gymnasium, yrkesskola)\u00a0\u2022 Andra barngrupper 3\u201318 \u00e5r (klubbar, hobby- och l\u00e4gergrupper samt barnkalas grupper) Barn 0\u20132 \u00e5r, l\u00e4rare, andra vuxna som \u00f6vervakar gruppen (max. 1 vuxen [&hellip;]<\/p>\n","protected":false},"featured_media":1417,"template":"","meta":[],"product_brand":[],"product_cat":[71],"product_tag":[],"class_list":{"0":"post-531","1":"product","2":"type-product","3":"status-publish","4":"has-post-thumbnail","6":"product_cat-naturhistoriska-museet-biljetter","8":"first","9":"instock","10":"virtual","11":"taxable","12":"purchasable","13":"product-type-phive_booking"},"_links":{"self":[{"href":"https:\/\/epayment.helsinki.fi\/luomus\/wp-json\/wp\/v2\/product\/531","targetHints":{"allow":["GET"]}}],"collection":[{"href":"https:\/\/epayment.helsinki.fi\/luomus\/wp-json\/wp\/v2\/product"}],"about":[{"href":"https:\/\/epayment.helsinki.fi\/luomus\/wp-json\/wp\/v2\/types\/product"}],"wp:featuredmedia":[{"embeddable":true,"href":"https:\/\/epayment.helsinki.fi\/luomus\/wp-json\/wp\/v2\/media\/1417"}],"wp:attachment":[{"href":"https:\/\/epayment.helsinki.fi\/luomus\/wp-json\/wp\/v2\/media?parent=531"}],"wp:term":[{"taxonomy":"product_brand","embeddable":true,"href":"https:\/\/epayment.helsinki.fi\/luomus\/wp-json\/wp\/v2\/product_brand?post=531"},{"taxonomy":"product_cat","embeddable":true,"href":"https:\/\/epayment.helsinki.fi\/luomus\/wp-json\/wp\/v2\/product_cat?post=531"},{"taxonomy":"product_tag","embeddable":true,"href":"https:\/\/epayment.helsinki.fi\/luomus\/wp-json\/wp\/v2\/product_tag?post=531"}],"curies":[{"name":"wp","href":"https:\/\/api.w.org\/{rel}","templated":true}]}}