{"id":530,"date":"2025-06-10T08:58:48","date_gmt":"2025-06-10T05:58:48","guid":{"rendered":"https:\/\/epayment.helsinki.fi\/luomus\/tuote\/oppilaitosryhman-lippu-luonnontieteelliseen-museoon-2\/"},"modified":"2026-03-11T14:51:27","modified_gmt":"2026-03-11T12:51:27","slug":"oppilaitosryhman-lippu-luonnontieteelliseen-museoon-2","status":"publish","type":"product","link":"https:\/\/epayment.helsinki.fi\/luomus\/tuote\/oppilaitosryhman-lippu-luonnontieteelliseen-museoon-2\/","title":{"rendered":"Lippu | Oppilaitos- ja lapsiryhm\u00e4 | Luonnontieteellinen museo | 2026"},"content":{"rendered":"<p>Lippu on voimassa museon aukioloaikoina p\u00e4iv\u00e4n\u00e4, jolle se on ostettu. Luonnontieteellisen museon aukioloajat ovat n\u00e4ht\u00e4vill\u00e4 <a href=\"https:\/\/www.helsinki.fi\/fi\/luomus\/yleisokohteet\/luonnontieteellinen-museo\" target=\"_blank\" rel=\"noopener\">Luomuksen verkkosivuilla<\/a>.<\/p>\n<p>\u00a0Oppilaitos- ja lapsiryhm\u00e4t:<\/p>\n<ul>\n<li>varhaiskasvatus (p\u00e4iv\u00e4koti ja esiopetus, perhep\u00e4iv\u00e4hoito ja leikkipuisto)<\/li>\n<li>peruskoulu (luokat 1-10)<\/li>\n<li>toinen aste (lukio, ammattikoulu)<\/li>\n<li>muut lapsiryhm\u00e4t 3-18v (kerhot, harrastus- ja leiriryhm\u00e4t sek\u00e4 lasten syntt\u00e4riryhm\u00e4t)<\/li>\n<\/ul>\n<p>0-2 -vuotiaat lapset, opettajat, muut ryhm\u00e4\u00e4 valvovat aikuiset (enint\u00e4\u00e4n 1 aikuinen \/ 5 lasta) ja henkil\u00f6kohtaiset avustajat p\u00e4\u00e4sev\u00e4t maksutta ryhm\u00e4n mukana. \u00a0<\/p>\n<p>Varaattehan maksuttomasti vieraileville aikuisille oman maksuttoman lipun.\u00a0<\/p>\n<p>Kaikki ryhm\u00e4lle ostetut liput muodostavat yhden lipputuotteen, joka tarkistetaan museon kassalla. \u00a0<\/p>\n<p>Lue my\u00f6s tarkemmat lipun <a href=\"https:\/\/epayment.helsinki.fi\/luomus\/kayttoehdot\/\" target=\"_blank\" rel=\"noopener\">k\u00e4ytt\u00f6ehdot<\/a>.<\/p>\n","protected":false},"excerpt":{"rendered":"<p>Lippu on voimassa museon aukioloaikoina p\u00e4iv\u00e4n\u00e4, jolle se on ostettu. Luonnontieteellisen museon aukioloajat ovat n\u00e4ht\u00e4vill\u00e4 Luomuksen verkkosivuilla. \u00a0Oppilaitos- ja lapsiryhm\u00e4t: varhaiskasvatus (p\u00e4iv\u00e4koti ja esiopetus, perhep\u00e4iv\u00e4hoito ja leikkipuisto) peruskoulu (luokat 1-10) toinen aste (lukio, ammattikoulu) muut lapsiryhm\u00e4t 3-18v (kerhot, harrastus- ja leiriryhm\u00e4t sek\u00e4 lasten syntt\u00e4riryhm\u00e4t) 0-2 -vuotiaat lapset, opettajat, muut ryhm\u00e4\u00e4 valvovat aikuiset (enint\u00e4\u00e4n 1 aikuinen [&hellip;]<\/p>\n","protected":false},"featured_media":1415,"template":"","meta":[],"product_brand":[],"product_cat":[69],"product_tag":[],"class_list":{"0":"post-530","1":"product","2":"type-product","3":"status-publish","4":"has-post-thumbnail","6":"product_cat-luonnontieteellinen-museo-liput","8":"first","9":"instock","10":"virtual","11":"taxable","12":"purchasable","13":"product-type-phive_booking"},"_links":{"self":[{"href":"https:\/\/epayment.helsinki.fi\/luomus\/wp-json\/wp\/v2\/product\/530","targetHints":{"allow":["GET"]}}],"collection":[{"href":"https:\/\/epayment.helsinki.fi\/luomus\/wp-json\/wp\/v2\/product"}],"about":[{"href":"https:\/\/epayment.helsinki.fi\/luomus\/wp-json\/wp\/v2\/types\/product"}],"wp:featuredmedia":[{"embeddable":true,"href":"https:\/\/epayment.helsinki.fi\/luomus\/wp-json\/wp\/v2\/media\/1415"}],"wp:attachment":[{"href":"https:\/\/epayment.helsinki.fi\/luomus\/wp-json\/wp\/v2\/media?parent=530"}],"wp:term":[{"taxonomy":"product_brand","embeddable":true,"href":"https:\/\/epayment.helsinki.fi\/luomus\/wp-json\/wp\/v2\/product_brand?post=530"},{"taxonomy":"product_cat","embeddable":true,"href":"https:\/\/epayment.helsinki.fi\/luomus\/wp-json\/wp\/v2\/product_cat?post=530"},{"taxonomy":"product_tag","embeddable":true,"href":"https:\/\/epayment.helsinki.fi\/luomus\/wp-json\/wp\/v2\/product_tag?post=530"}],"curies":[{"name":"wp","href":"https:\/\/api.w.org\/{rel}","templated":true}]}}