{"id":525,"date":"2025-06-10T08:58:45","date_gmt":"2025-06-10T05:58:45","guid":{"rendered":"https:\/\/epayment.helsinki.fi\/luomus\/tuote\/intradesbiljett-for-vuxengrupp-till-naturhistoriska-museet\/"},"modified":"2026-02-18T10:18:49","modified_gmt":"2026-02-18T08:18:49","slug":"intradesbiljett-for-vuxengrupp-till-naturhistoriska-museet","status":"publish","type":"product","link":"https:\/\/epayment.helsinki.fi\/luomus\/tuote\/intradesbiljett-for-vuxengrupp-till-naturhistoriska-museet\/?lang=sv","title":{"rendered":"Biljett | Grupp | Naturhistoriska museet | 2026"},"content":{"rendered":"<p>Biljetten g\u00e4ller under museets \u00f6ppettider den dag den har k\u00f6pts f\u00f6r. \u00d6ppettiderna finns p\u00e5 <a href=\"https:\/\/www.helsinki.fi\/sv\/luomus\/besok-oss\/naturhistoriska-museet\" target=\"_blank\" rel=\"noopener\">Luomus webbplats<\/a>.<\/p>\n<p>Minimik\u00f6p f\u00f6r gruppbiljetter:\u00a0<\/p>\n<p>\u2022 Minst 10 vuxenbiljetter\u00a0<br \/>\u2022 Om gruppen best\u00e5r av b\u00e5de vuxna och barn ska rabatterad barnbiljetter (3\u201318 \u00e5r) k\u00f6pas f\u00f6r barnen. Barn under 3 \u00e5r har gratis intr\u00e4de.<\/p>\n<p>Alla biljetter som k\u00f6ps f\u00f6r gruppen bildar en enda biljettprodukt, som kontrolleras i museets kassa.<\/p>\n<p>L\u00e4s g\u00e4rna \u00e4ven de fullst\u00e4ndiga <a href=\"https:\/\/epayment.helsinki.fi\/luomus\/leveransvillkor\/?lang=sv\" target=\"_blank\" rel=\"noopener\">biljettvillkoren<\/a>.\u00a0<\/p>\n","protected":false},"excerpt":{"rendered":"<p>Biljetten g\u00e4ller under museets \u00f6ppettider den dag den har k\u00f6pts f\u00f6r. \u00d6ppettiderna finns p\u00e5 Luomus webbplats. Minimik\u00f6p f\u00f6r gruppbiljetter:\u00a0 \u2022 Minst 10 vuxenbiljetter\u00a0\u2022 Om gruppen best\u00e5r av b\u00e5de vuxna och barn ska rabatterad barnbiljetter (3\u201318 \u00e5r) k\u00f6pas f\u00f6r barnen. Barn under 3 \u00e5r har gratis intr\u00e4de. Alla biljetter som k\u00f6ps f\u00f6r gruppen bildar en enda [&hellip;]<\/p>\n","protected":false},"featured_media":1423,"template":"","meta":[],"product_brand":[],"product_cat":[71],"product_tag":[],"class_list":{"0":"post-525","1":"product","2":"type-product","3":"status-publish","4":"has-post-thumbnail","6":"product_cat-naturhistoriska-museet-biljetter","8":"first","9":"instock","10":"virtual","11":"taxable","12":"purchasable","13":"product-type-phive_booking"},"_links":{"self":[{"href":"https:\/\/epayment.helsinki.fi\/luomus\/wp-json\/wp\/v2\/product\/525","targetHints":{"allow":["GET"]}}],"collection":[{"href":"https:\/\/epayment.helsinki.fi\/luomus\/wp-json\/wp\/v2\/product"}],"about":[{"href":"https:\/\/epayment.helsinki.fi\/luomus\/wp-json\/wp\/v2\/types\/product"}],"wp:featuredmedia":[{"embeddable":true,"href":"https:\/\/epayment.helsinki.fi\/luomus\/wp-json\/wp\/v2\/media\/1423"}],"wp:attachment":[{"href":"https:\/\/epayment.helsinki.fi\/luomus\/wp-json\/wp\/v2\/media?parent=525"}],"wp:term":[{"taxonomy":"product_brand","embeddable":true,"href":"https:\/\/epayment.helsinki.fi\/luomus\/wp-json\/wp\/v2\/product_brand?post=525"},{"taxonomy":"product_cat","embeddable":true,"href":"https:\/\/epayment.helsinki.fi\/luomus\/wp-json\/wp\/v2\/product_cat?post=525"},{"taxonomy":"product_tag","embeddable":true,"href":"https:\/\/epayment.helsinki.fi\/luomus\/wp-json\/wp\/v2\/product_tag?post=525"}],"curies":[{"name":"wp","href":"https:\/\/api.w.org\/{rel}","templated":true}]}}