{"id":521,"date":"2025-06-10T08:58:43","date_gmt":"2025-06-10T05:58:43","guid":{"rendered":"https:\/\/epayment.helsinki.fi\/luomus\/tuote\/ryhmalippu-luonnontieteelliseen-museoon\/"},"modified":"2025-12-10T15:25:43","modified_gmt":"2025-12-10T13:25:43","slug":"ryhmalippu-luonnontieteelliseen-museoon","status":"publish","type":"product","link":"https:\/\/epayment.helsinki.fi\/luomus\/tuote\/ryhmalippu-luonnontieteelliseen-museoon\/","title":{"rendered":"Ryhm\u00e4lippu | Luonnontieteellinen museo | 2025"},"content":{"rendered":"<p>Lippu on voimassa museon aukioloaikoina p\u00e4iv\u00e4n\u00e4, jolle se on ostettu. Luonnontieteellisen museon aukioloajat ovat n\u00e4ht\u00e4vill\u00e4 <a href=\"https:\/\/www.helsinki.fi\/fi\/luomus\/yleisokohteet\/kaisaniemen-kasvitieteellinen-puutarha\">Luomuksen verkkosivuilla<\/a>.<\/p>\n<p>V\u00e4himm\u00e4isostom\u00e4\u00e4r\u00e4 ryhm\u00e4lipuille:\u00a0<\/p>\n<ul>\n<li>V\u00e4hint\u00e4\u00e4n 10 aikuisten lippua\u00a0<\/li>\n<li>Jos ryhm\u00e4ss\u00e4 on aikuisia ja lapsia, ryhm\u00e4n lapsille (3-17-vuotiaat) ostetaan alennettu lasten lippu 3 \u20ac. Alle 3-vuotiaat p\u00e4\u00e4sev\u00e4t vierailulle maksutta.<\/li>\n<\/ul>\n<p>Kaikki ryhm\u00e4lle ostetut liput muodostavat yhden lipputuotteen, joka tarkistetaan museon kassalla.\u00a0<\/p>\n<p>Lue my\u00f6s tarkemmat lipun <a href=\"https:\/\/epayment.helsinki.fi\/luomus\/kayttoehdot\/\" target=\"_blank\" rel=\"noopener\">k\u00e4ytt\u00f6ehdot<\/a>.<\/p>\n","protected":false},"excerpt":{"rendered":"<p>Lippu on voimassa museon aukioloaikoina p\u00e4iv\u00e4n\u00e4, jolle se on ostettu. Luonnontieteellisen museon aukioloajat ovat n\u00e4ht\u00e4vill\u00e4 Luomuksen verkkosivuilla. V\u00e4himm\u00e4isostom\u00e4\u00e4r\u00e4 ryhm\u00e4lipuille:\u00a0 V\u00e4hint\u00e4\u00e4n 10 aikuisten lippua\u00a0 Jos ryhm\u00e4ss\u00e4 on aikuisia ja lapsia, ryhm\u00e4n lapsille (3-17-vuotiaat) ostetaan alennettu lasten lippu 3 \u20ac. Alle 3-vuotiaat p\u00e4\u00e4sev\u00e4t vierailulle maksutta. Kaikki ryhm\u00e4lle ostetut liput muodostavat yhden lipputuotteen, joka tarkistetaan museon kassalla.\u00a0 Lue [&hellip;]<\/p>\n","protected":false},"featured_media":698,"template":"","meta":[],"product_brand":[],"product_cat":[69],"product_tag":[],"class_list":{"0":"post-521","1":"product","2":"type-product","3":"status-publish","4":"has-post-thumbnail","6":"product_cat-luonnontieteellinen-museo-liput","8":"first","9":"instock","10":"virtual","11":"taxable","12":"purchasable","13":"product-type-phive_booking"},"_links":{"self":[{"href":"https:\/\/epayment.helsinki.fi\/luomus\/wp-json\/wp\/v2\/product\/521","targetHints":{"allow":["GET"]}}],"collection":[{"href":"https:\/\/epayment.helsinki.fi\/luomus\/wp-json\/wp\/v2\/product"}],"about":[{"href":"https:\/\/epayment.helsinki.fi\/luomus\/wp-json\/wp\/v2\/types\/product"}],"wp:featuredmedia":[{"embeddable":true,"href":"https:\/\/epayment.helsinki.fi\/luomus\/wp-json\/wp\/v2\/media\/698"}],"wp:attachment":[{"href":"https:\/\/epayment.helsinki.fi\/luomus\/wp-json\/wp\/v2\/media?parent=521"}],"wp:term":[{"taxonomy":"product_brand","embeddable":true,"href":"https:\/\/epayment.helsinki.fi\/luomus\/wp-json\/wp\/v2\/product_brand?post=521"},{"taxonomy":"product_cat","embeddable":true,"href":"https:\/\/epayment.helsinki.fi\/luomus\/wp-json\/wp\/v2\/product_cat?post=521"},{"taxonomy":"product_tag","embeddable":true,"href":"https:\/\/epayment.helsinki.fi\/luomus\/wp-json\/wp\/v2\/product_tag?post=521"}],"curies":[{"name":"wp","href":"https:\/\/api.w.org\/{rel}","templated":true}]}}