{"id":519,"date":"2025-06-10T08:58:42","date_gmt":"2025-06-10T05:58:42","guid":{"rendered":"https:\/\/epayment.helsinki.fi\/luomus\/tuote\/intradesbiljett-till-naturhistoriska-museet\/"},"modified":"2025-11-21T13:31:46","modified_gmt":"2025-11-21T11:31:46","slug":"intradesbiljett-till-naturhistoriska-museet-2","status":"publish","type":"product","link":"https:\/\/epayment.helsinki.fi\/luomus\/tuote\/intradesbiljett-till-naturhistoriska-museet-2\/?lang=sv","title":{"rendered":"Biljett | Naturhistoriska museet | 2026"},"content":{"rendered":"<p>Biljetten g\u00e4ller under museets \u00f6ppettider den dag den har k\u00f6pts f\u00f6r. \u00d6ppettiderna finns p\u00e5 <a href=\"https:\/\/www.helsinki.fi\/sv\/luomus\/besok-oss\/naturhistoriska-museet\" target=\"_blank\" rel=\"noopener\">Luomus webbplats<\/a>.<\/p>\n<p>Du kan k\u00f6pa biljetter f\u00f6r flera personer p\u00e5 samma g\u00e5ng. Biljetterna \u00e4r inte personliga.<\/p>\n<p>Biljetterna kontrolleras i museets kassa. Var beredd att visa upp giltigt intyg f\u00f6r eventuell rabatt.<\/p>\n<p>L\u00e4s g\u00e4rna \u00e4ven de fullst\u00e4ndiga <a href=\"https:\/\/epayment.helsinki.fi\/luomus\/leveransvillkor\/?lang=sv\" target=\"_blank\" rel=\"noopener\">biljettvillkoren<\/a>.<\/p>\n","protected":false},"excerpt":{"rendered":"<p>Biljetten g\u00e4ller under museets \u00f6ppettider den dag den har k\u00f6pts f\u00f6r. \u00d6ppettiderna finns p\u00e5 Luomus webbplats. Du kan k\u00f6pa biljetter f\u00f6r flera personer p\u00e5 samma g\u00e5ng. Biljetterna \u00e4r inte personliga. Biljetterna kontrolleras i museets kassa. Var beredd att visa upp giltigt intyg f\u00f6r eventuell rabatt. L\u00e4s g\u00e4rna \u00e4ven de fullst\u00e4ndiga biljettvillkoren.<\/p>\n","protected":false},"featured_media":1420,"template":"","meta":[],"product_brand":[],"product_cat":[71],"product_tag":[],"class_list":{"0":"post-519","1":"product","2":"type-product","3":"status-publish","4":"has-post-thumbnail","6":"product_cat-naturhistoriska-museet-biljetter","8":"first","9":"instock","10":"virtual","11":"taxable","12":"purchasable","13":"product-type-phive_booking"},"_links":{"self":[{"href":"https:\/\/epayment.helsinki.fi\/luomus\/wp-json\/wp\/v2\/product\/519","targetHints":{"allow":["GET"]}}],"collection":[{"href":"https:\/\/epayment.helsinki.fi\/luomus\/wp-json\/wp\/v2\/product"}],"about":[{"href":"https:\/\/epayment.helsinki.fi\/luomus\/wp-json\/wp\/v2\/types\/product"}],"wp:featuredmedia":[{"embeddable":true,"href":"https:\/\/epayment.helsinki.fi\/luomus\/wp-json\/wp\/v2\/media\/1420"}],"wp:attachment":[{"href":"https:\/\/epayment.helsinki.fi\/luomus\/wp-json\/wp\/v2\/media?parent=519"}],"wp:term":[{"taxonomy":"product_brand","embeddable":true,"href":"https:\/\/epayment.helsinki.fi\/luomus\/wp-json\/wp\/v2\/product_brand?post=519"},{"taxonomy":"product_cat","embeddable":true,"href":"https:\/\/epayment.helsinki.fi\/luomus\/wp-json\/wp\/v2\/product_cat?post=519"},{"taxonomy":"product_tag","embeddable":true,"href":"https:\/\/epayment.helsinki.fi\/luomus\/wp-json\/wp\/v2\/product_tag?post=519"}],"curies":[{"name":"wp","href":"https:\/\/api.w.org\/{rel}","templated":true}]}}