{"id":515,"date":"2025-06-10T08:58:40","date_gmt":"2025-06-10T05:58:40","guid":{"rendered":"https:\/\/epayment.helsinki.fi\/luomus\/tuote\/paasylippu-luonnontieteelliseen-museoon\/"},"modified":"2025-10-14T09:08:34","modified_gmt":"2025-10-14T06:08:34","slug":"paasylippu-luonnontieteelliseen-museoon","status":"publish","type":"product","link":"https:\/\/epayment.helsinki.fi\/luomus\/tuote\/paasylippu-luonnontieteelliseen-museoon\/","title":{"rendered":"P\u00e4\u00e4sylippu | Luonnontieteellinen museo | 2025"},"content":{"rendered":"<p>Lippu on voimassa museon aukioloaikana p\u00e4iv\u00e4n\u00e4, jolle se on ostettu. Luonnontieteellisen museon aukioloajat ovat n\u00e4ht\u00e4vill\u00e4 <a href=\"https:\/\/www.helsinki.fi\/fi\/luomus\/yleisokohteet\/luonnontieteellinen-museo\" target=\"_blank\" rel=\"noopener\">Luomuksen verkkosivuilla<\/a>.\u00a0<\/p>\n<p>Voit ostaa lipun usealle henkil\u00f6lle samalla kertaa. Lippu ei ole henkil\u00f6kohtainen.\u00a0<\/p>\n<p>Lippu tarkistetaan museon kassalla. Olethan valmis esitt\u00e4m\u00e4\u00e4n my\u00f6s mahdolliseen alennukseen oikeuttavan todistuksen.\u00a0<\/p>\n<p>Lue my\u00f6s tarkemmat lipun <a href=\"https:\/\/epayment.helsinki.fi\/luomus\/kayttoehdot\/\" target=\"_blank\" rel=\"noopener\">k\u00e4ytt\u00f6ehdot<\/a>.<\/p>\n","protected":false},"excerpt":{"rendered":"<p>Lippu on voimassa museon aukioloaikana p\u00e4iv\u00e4n\u00e4, jolle se on ostettu. Luonnontieteellisen museon aukioloajat ovat n\u00e4ht\u00e4vill\u00e4 Luomuksen verkkosivuilla.\u00a0 Voit ostaa lipun usealle henkil\u00f6lle samalla kertaa. Lippu ei ole henkil\u00f6kohtainen.\u00a0 Lippu tarkistetaan museon kassalla. Olethan valmis esitt\u00e4m\u00e4\u00e4n my\u00f6s mahdolliseen alennukseen oikeuttavan todistuksen.\u00a0 Lue my\u00f6s tarkemmat lipun k\u00e4ytt\u00f6ehdot.<\/p>\n","protected":false},"featured_media":657,"template":"","meta":[],"product_brand":[],"product_cat":[69],"product_tag":[],"class_list":{"0":"post-515","1":"product","2":"type-product","3":"status-publish","4":"has-post-thumbnail","6":"product_cat-luonnontieteellinen-museo-liput","8":"first","9":"instock","10":"virtual","11":"taxable","12":"purchasable","13":"product-type-phive_booking"},"_links":{"self":[{"href":"https:\/\/epayment.helsinki.fi\/luomus\/wp-json\/wp\/v2\/product\/515","targetHints":{"allow":["GET"]}}],"collection":[{"href":"https:\/\/epayment.helsinki.fi\/luomus\/wp-json\/wp\/v2\/product"}],"about":[{"href":"https:\/\/epayment.helsinki.fi\/luomus\/wp-json\/wp\/v2\/types\/product"}],"wp:featuredmedia":[{"embeddable":true,"href":"https:\/\/epayment.helsinki.fi\/luomus\/wp-json\/wp\/v2\/media\/657"}],"wp:attachment":[{"href":"https:\/\/epayment.helsinki.fi\/luomus\/wp-json\/wp\/v2\/media?parent=515"}],"wp:term":[{"taxonomy":"product_brand","embeddable":true,"href":"https:\/\/epayment.helsinki.fi\/luomus\/wp-json\/wp\/v2\/product_brand?post=515"},{"taxonomy":"product_cat","embeddable":true,"href":"https:\/\/epayment.helsinki.fi\/luomus\/wp-json\/wp\/v2\/product_cat?post=515"},{"taxonomy":"product_tag","embeddable":true,"href":"https:\/\/epayment.helsinki.fi\/luomus\/wp-json\/wp\/v2\/product_tag?post=515"}],"curies":[{"name":"wp","href":"https:\/\/api.w.org\/{rel}","templated":true}]}}