{"id":507,"date":"2025-06-10T08:58:34","date_gmt":"2025-06-10T05:58:34","guid":{"rendered":"https:\/\/epayment.helsinki.fi\/luomus\/tuote\/intradesbiljett-till-vaxthusen-i-kajsaniemi-tradgard\/"},"modified":"2025-11-21T13:24:04","modified_gmt":"2025-11-21T11:24:04","slug":"intradesbiljett-till-vaxthusen-i-kajsaniemi-tradgard","status":"publish","type":"product","link":"https:\/\/epayment.helsinki.fi\/luomus\/tuote\/intradesbiljett-till-vaxthusen-i-kajsaniemi-tradgard\/?lang=sv","title":{"rendered":"Biljett | V\u00e4xthusen | 2026"},"content":{"rendered":"<p>Biljetten g\u00e4ller under v\u00e4xthusens \u00f6ppettider den dag den har k\u00f6pts f\u00f6r. \u00d6ppettiderna finns p\u00e5 <a href=\"https:\/\/www.helsinki.fi\/sv\/luomus\/besok-oss\/kajsaniemi-botaniska-tradgard\" target=\"_blank\" rel=\"noopener\">Luomus webbplats<\/a>.<\/p>\n<p>Du kan k\u00f6pa biljetter f\u00f6r flera personer p\u00e5 samma g\u00e5ng. Biljetterna \u00e4r inte personliga.<\/p>\n<p>Biljetterna kontrolleras i v\u00e4xthusens kassa. Var beredd att visa upp giltigt intyg f\u00f6r eventuell rabatt.<\/p>\n<p>L\u00e4s g\u00e4rna de fullst\u00e4ndiga <a href=\"https:\/\/epayment.helsinki.fi\/luomus\/leveransvillkor\/?lang=sv\" target=\"_blank\" rel=\"noopener\">biljettvillkoren<\/a>.<\/p>\n","protected":false},"excerpt":{"rendered":"<p>Biljetten g\u00e4ller under v\u00e4xthusens \u00f6ppettider den dag den har k\u00f6pts f\u00f6r. \u00d6ppettiderna finns p\u00e5 Luomus webbplats. Du kan k\u00f6pa biljetter f\u00f6r flera personer p\u00e5 samma g\u00e5ng. Biljetterna \u00e4r inte personliga. Biljetterna kontrolleras i v\u00e4xthusens kassa. Var beredd att visa upp giltigt intyg f\u00f6r eventuell rabatt. L\u00e4s g\u00e4rna de fullst\u00e4ndiga biljettvillkoren.<\/p>\n","protected":false},"featured_media":1402,"template":"","meta":[],"product_brand":[],"product_cat":[74],"product_tag":[],"class_list":{"0":"post-507","1":"product","2":"type-product","3":"status-publish","4":"has-post-thumbnail","6":"product_cat-kajsaniemi-botaniska-tradgard-biljetter","8":"first","9":"instock","10":"virtual","11":"taxable","12":"purchasable","13":"product-type-phive_booking"},"_links":{"self":[{"href":"https:\/\/epayment.helsinki.fi\/luomus\/wp-json\/wp\/v2\/product\/507","targetHints":{"allow":["GET"]}}],"collection":[{"href":"https:\/\/epayment.helsinki.fi\/luomus\/wp-json\/wp\/v2\/product"}],"about":[{"href":"https:\/\/epayment.helsinki.fi\/luomus\/wp-json\/wp\/v2\/types\/product"}],"wp:featuredmedia":[{"embeddable":true,"href":"https:\/\/epayment.helsinki.fi\/luomus\/wp-json\/wp\/v2\/media\/1402"}],"wp:attachment":[{"href":"https:\/\/epayment.helsinki.fi\/luomus\/wp-json\/wp\/v2\/media?parent=507"}],"wp:term":[{"taxonomy":"product_brand","embeddable":true,"href":"https:\/\/epayment.helsinki.fi\/luomus\/wp-json\/wp\/v2\/product_brand?post=507"},{"taxonomy":"product_cat","embeddable":true,"href":"https:\/\/epayment.helsinki.fi\/luomus\/wp-json\/wp\/v2\/product_cat?post=507"},{"taxonomy":"product_tag","embeddable":true,"href":"https:\/\/epayment.helsinki.fi\/luomus\/wp-json\/wp\/v2\/product_tag?post=507"}],"curies":[{"name":"wp","href":"https:\/\/api.w.org\/{rel}","templated":true}]}}